{"id":6078,"date":"2025-09-15T13:02:02","date_gmt":"2025-09-15T06:02:02","guid":{"rendered":"https:\/\/simmyseafood.com\/?page_id=6078"},"modified":"2025-10-05T13:02:52","modified_gmt":"2025-10-05T06:02:52","slug":"gallery-book","status":"publish","type":"page","link":"https:\/\/simmyseafood.com\/tw\/gallery-book\/","title":{"rendered":"\u7522\u54c1\u756b\u518a"},"content":{"rendered":"<div data-elementor-type=\"wp-page\" data-elementor-id=\"6078\" class=\"elementor elementor-6078\">\n\t\t\t\t\t\t<section class=\"elementor-section elementor-top-section elementor-element elementor-element-022b76a elementor-section-boxed elementor-section-height-default elementor-section-height-default\" data-id=\"022b76a\" data-element_type=\"section\" data-e-type=\"section\">\n\t\t\t\t\t\t<div class=\"elementor-container elementor-column-gap-default\">\n\t\t\t\t\t<div class=\"elementor-column elementor-col-100 elementor-top-column elementor-element elementor-element-b4a0c3c\" data-id=\"b4a0c3c\" data-element_type=\"column\" data-e-type=\"column\">\n\t\t\t<div class=\"elementor-widget-wrap elementor-element-populated\">\n\t\t\t\t\t\t<div class=\"elementor-element elementor-element-dc053ac elementor-widget elementor-widget-html\" data-id=\"dc053ac\" data-element_type=\"widget\" data-e-type=\"widget\" data-widget_type=\"html.default\">\n\t\t\t\t<div class=\"elementor-widget-container\">\n\t\t\t\t\t<div style=\"text-align: center;\">\n  <!-- N\u00fat download ph\u00eda tr\u00ean -->\n  <p style=\"margin-bottom: 15px;\">\n    <a href=\"https:\/\/simmyseafood.com\/wp-content\/uploads\/2025\/09\/Simmy-Introduction_compressed.pdf\" \n       download style=\"display: inline-block; padding: 10px 20px; background-color: #0073aa; color: #fff; font-weight: bold; text-decoration: none; border-radius: 5px;\">\n      \ud83d\udce5 \u4e0b\u8f09 (PDF)\n    <\/a>\n  <\/p>\n     <embed src=\"https:\/\/online.anyflip.com\/emomw\/mcye\/mobile\/index.html\" width=\"100%\" height=\"750px\" \/>  <\/div>\t\t\t\t<\/div>\n\t\t\t\t<\/div>\n\t\t\t\t\t<\/div>\n\t\t<\/div>\n\t\t\t\t\t<\/div>\n\t\t<\/section>\n\t\t\t\t<\/div>","protected":false},"excerpt":{"rendered":"","protected":false},"author":1,"featured_media":0,"parent":0,"menu_order":0,"comment_status":"closed","ping_status":"closed","template":"","meta":{"site-sidebar-layout":"no-sidebar","site-content-layout":"page-builder","ast-site-content-layout":"full-width-container","site-content-style":"default","site-sidebar-style":"default","ast-global-header-display":"","ast-banner-title-visibility":"","ast-main-header-display":"","ast-hfb-above-header-display":"","ast-hfb-below-header-display":"","ast-hfb-mobile-header-display":"","site-post-title":"disabled","ast-breadcrumbs-content":"","ast-featured-img":"disabled","footer-sml-layout":"","theme-transparent-header-meta":"disabled","adv-header-id-meta":"","stick-header-meta":"","header-above-stick-meta":"","header-main-stick-meta":"","header-below-stick-meta":"","astra-migrate-meta-layouts":"set","ast-page-background-enabled":"default","ast-page-background-meta":{"desktop":{"background-color":"var(--ast-global-color-4)","background-image":"","background-repeat":"repeat","background-position":"center center","background-size":"auto","background-attachment":"scroll","background-type":"","background-media":"","overlay-type":"","overlay-color":"","overlay-opacity":"","overlay-gradient":""},"tablet":{"background-color":"","background-image":"","background-repeat":"repeat","background-position":"center center","background-size":"auto","background-attachment":"scroll","background-type":"","background-media":"","overlay-type":"","overlay-color":"","overlay-opacity":"","overlay-gradient":""},"mobile":{"background-color":"","background-image":"","background-repeat":"repeat","background-position":"center center","background-size":"auto","background-attachment":"scroll","background-type":"","background-media":"","overlay-type":"","overlay-color":"","overlay-opacity":"","overlay-gradient":""}},"ast-content-background-meta":{"desktop":{"background-color":"var(--ast-global-color-5)","background-image":"","background-repeat":"repeat","background-position":"center center","background-size":"auto","background-attachment":"scroll","background-type":"","background-media":"","overlay-type":"","overlay-color":"","overlay-opacity":"","overlay-gradient":""},"tablet":{"background-color":"var(--ast-global-color-5)","background-image":"","background-repeat":"repeat","background-position":"center center","background-size":"auto","background-attachment":"scroll","background-type":"","background-media":"","overlay-type":"","overlay-color":"","overlay-opacity":"","overlay-gradient":""},"mobile":{"background-color":"var(--ast-global-color-5)","background-image":"","background-repeat":"repeat","background-position":"center center","background-size":"auto","background-attachment":"scroll","background-type":"","background-media":"","overlay-type":"","overlay-color":"","overlay-opacity":"","overlay-gradient":""}},"footnotes":""},"class_list":["post-6078","page","type-page","status-publish","hentry"],"_links":{"self":[{"href":"https:\/\/simmyseafood.com\/tw\/wp-json\/wp\/v2\/pages\/6078","targetHints":{"allow":["GET"]}}],"collection":[{"href":"https:\/\/simmyseafood.com\/tw\/wp-json\/wp\/v2\/pages"}],"about":[{"href":"https:\/\/simmyseafood.com\/tw\/wp-json\/wp\/v2\/types\/page"}],"author":[{"embeddable":true,"href":"https:\/\/simmyseafood.com\/tw\/wp-json\/wp\/v2\/users\/1"}],"replies":[{"embeddable":true,"href":"https:\/\/simmyseafood.com\/tw\/wp-json\/wp\/v2\/comments?post=6078"}],"version-history":[{"count":29,"href":"https:\/\/simmyseafood.com\/tw\/wp-json\/wp\/v2\/pages\/6078\/revisions"}],"predecessor-version":[{"id":6566,"href":"https:\/\/simmyseafood.com\/tw\/wp-json\/wp\/v2\/pages\/6078\/revisions\/6566"}],"wp:attachment":[{"href":"https:\/\/simmyseafood.com\/tw\/wp-json\/wp\/v2\/media?parent=6078"}],"curies":[{"name":"wp","href":"https:\/\/api.w.org\/{rel}","templated":true}]}}