{"id":5875,"date":"2025-09-08T14:51:29","date_gmt":"2025-09-08T07:51:29","guid":{"rendered":"https:\/\/simmyseafood.com\/?page_id=5875"},"modified":"2025-10-09T10:57:11","modified_gmt":"2025-10-09T03:57:11","slug":"e-brochure","status":"publish","type":"page","link":"https:\/\/simmyseafood.com\/tw\/e-brochure\/","title":{"rendered":"\u96fb\u5b50\u76ee\u9304"},"content":{"rendered":"<div data-elementor-type=\"wp-page\" data-elementor-id=\"5875\" class=\"elementor elementor-5875\">\n\t\t\t\t\t\t<section class=\"elementor-section elementor-top-section elementor-element elementor-element-5c186d0 elementor-section-boxed elementor-section-height-default elementor-section-height-default\" data-id=\"5c186d0\" data-element_type=\"section\" data-e-type=\"section\">\n\t\t\t\t\t\t<div class=\"elementor-container elementor-column-gap-default\">\n\t\t\t\t\t<div class=\"elementor-column elementor-col-100 elementor-top-column elementor-element elementor-element-207baf4\" data-id=\"207baf4\" data-element_type=\"column\" data-e-type=\"column\">\n\t\t\t<div class=\"elementor-widget-wrap elementor-element-populated\">\n\t\t\t\t\t\t<div class=\"elementor-element elementor-element-42212b8 elementor-widget elementor-widget-html\" data-id=\"42212b8\" data-element_type=\"widget\" data-e-type=\"widget\" data-widget_type=\"html.default\">\n\t\t\t\t<div class=\"elementor-widget-container\">\n\t\t\t\t\t<div style=\"text-align: center;\">\r\n  <!-- N\u00fat download ph\u00eda tr\u00ean -->\r\n  <p style=\"margin-bottom: 15px;\">\r\n    <a href=\"https:\/\/simmyseafood.com\/wp-content\/uploads\/2025\/09\/Simmy-E-Brochure.pdf\" \r\n       download style=\"display: inline-block; padding: 10px 20px; background-color: #0073aa; color: #fff; font-weight: bold; text-decoration: none; border-radius: 5px;\">\r\n      \ud83d\udce5 \u4e0b\u8f09 (PDF)\r\n    <\/a>\r\n  <\/p>\r\n\r\n  <!-- Hi\u1ec3n th\u1ecb catalogue b\u1eb1ng iframe -->\r\n  <iframe \r\n    src=\"https:\/\/online.anyflip.com\/emomw\/dyic\/mobile\/index.html\" \r\n    width=\"100%\" \r\n    height=\"750px\" \r\n    style=\"border:none; overflow:hidden;\" \r\n    allowfullscreen loading=\"lazy\">\r\n  <\/iframe>\r\n<\/div>\r\n\t\t\t\t<\/div>\n\t\t\t\t<\/div>\n\t\t\t\t\t<\/div>\n\t\t<\/div>\n\t\t\t\t\t<\/div>\n\t\t<\/section>\n\t\t\t\t<\/div>","protected":false},"excerpt":{"rendered":"","protected":false},"author":1,"featured_media":0,"parent":0,"menu_order":0,"comment_status":"closed","ping_status":"closed","template":"","meta":{"site-sidebar-layout":"no-sidebar","site-content-layout":"page-builder","ast-site-content-layout":"full-width-container","site-content-style":"default","site-sidebar-style":"default","ast-global-header-display":"","ast-banner-title-visibility":"","ast-main-header-display":"","ast-hfb-above-header-display":"","ast-hfb-below-header-display":"","ast-hfb-mobile-header-display":"","site-post-title":"disabled","ast-breadcrumbs-content":"","ast-featured-img":"disabled","footer-sml-layout":"","theme-transparent-header-meta":"","adv-header-id-meta":"","stick-header-meta":"","header-above-stick-meta":"","header-main-stick-meta":"","header-below-stick-meta":"","astra-migrate-meta-layouts":"set","ast-page-background-enabled":"default","ast-page-background-meta":{"desktop":{"background-color":"var(--ast-global-color-4)","background-image":"","background-repeat":"repeat","background-position":"center center","background-size":"auto","background-attachment":"scroll","background-type":"","background-media":"","overlay-type":"","overlay-color":"","overlay-opacity":"","overlay-gradient":""},"tablet":{"background-color":"","background-image":"","background-repeat":"repeat","background-position":"center center","background-size":"auto","background-attachment":"scroll","background-type":"","background-media":"","overlay-type":"","overlay-color":"","overlay-opacity":"","overlay-gradient":""},"mobile":{"background-color":"","background-image":"","background-repeat":"repeat","background-position":"center center","background-size":"auto","background-attachment":"scroll","background-type":"","background-media":"","overlay-type":"","overlay-color":"","overlay-opacity":"","overlay-gradient":""}},"ast-content-background-meta":{"desktop":{"background-color":"var(--ast-global-color-5)","background-image":"","background-repeat":"repeat","background-position":"center center","background-size":"auto","background-attachment":"scroll","background-type":"","background-media":"","overlay-type":"","overlay-color":"","overlay-opacity":"","overlay-gradient":""},"tablet":{"background-color":"var(--ast-global-color-5)","background-image":"","background-repeat":"repeat","background-position":"center center","background-size":"auto","background-attachment":"scroll","background-type":"","background-media":"","overlay-type":"","overlay-color":"","overlay-opacity":"","overlay-gradient":""},"mobile":{"background-color":"var(--ast-global-color-5)","background-image":"","background-repeat":"repeat","background-position":"center center","background-size":"auto","background-attachment":"scroll","background-type":"","background-media":"","overlay-type":"","overlay-color":"","overlay-opacity":"","overlay-gradient":""}},"footnotes":""},"class_list":["post-5875","page","type-page","status-publish","hentry"],"_links":{"self":[{"href":"https:\/\/simmyseafood.com\/tw\/wp-json\/wp\/v2\/pages\/5875","targetHints":{"allow":["GET"]}}],"collection":[{"href":"https:\/\/simmyseafood.com\/tw\/wp-json\/wp\/v2\/pages"}],"about":[{"href":"https:\/\/simmyseafood.com\/tw\/wp-json\/wp\/v2\/types\/page"}],"author":[{"embeddable":true,"href":"https:\/\/simmyseafood.com\/tw\/wp-json\/wp\/v2\/users\/1"}],"replies":[{"embeddable":true,"href":"https:\/\/simmyseafood.com\/tw\/wp-json\/wp\/v2\/comments?post=5875"}],"version-history":[{"count":80,"href":"https:\/\/simmyseafood.com\/tw\/wp-json\/wp\/v2\/pages\/5875\/revisions"}],"predecessor-version":[{"id":7947,"href":"https:\/\/simmyseafood.com\/tw\/wp-json\/wp\/v2\/pages\/5875\/revisions\/7947"}],"wp:attachment":[{"href":"https:\/\/simmyseafood.com\/tw\/wp-json\/wp\/v2\/media?parent=5875"}],"curies":[{"name":"wp","href":"https:\/\/api.w.org\/{rel}","templated":true}]}}